{"id":310,"date":"2021-01-11T02:21:37","date_gmt":"2021-01-11T02:21:37","guid":{"rendered":"https:\/\/luishernandez.pw\/?page_id=310"},"modified":"2021-04-21T03:12:48","modified_gmt":"2021-04-21T03:12:48","slug":"beneficios-de-usar-el-sigwe","status":"publish","type":"page","link":"https:\/\/luishernandez.pw\/?page_id=310","title":{"rendered":"Beneficios de usar el SIGWE!!!"},"content":{"rendered":"\n<ul><li>Encuentra respuestas r\u00e1pidas a las preguntas m\u00e1s dif\u00edciles sobre tu negocio con informes personalizados, toma decisiones basadas en datos.<\/li><li>Sabes cuanto es la venta al final del d\u00eda o mejor aun en una quincena o al fin de mes?<\/li><li>Conoces el inventario final?<\/li><li>Sabes quienes y cuanto te deben a ti y el monto total de las cuentas por cobrar?<\/li><li>Sabes a quien y cuanto le debes a los proveedores o la deuda total de la empresa con tus proveedores?<\/li><li>Quieres saber cual es el producto mas vendido y la cantidad?<\/li><li>Quieres saber cual es el cliente que mas ganancia genera a tu empresa y cuanto?<\/li><\/ul>\n\n\n\n<p>Estas y otras preguntas son las que te ayudara a contestar el<strong> Sistema Web de Gesti\u00f3n Empresarial \u00abSIGWE\u00bb.<\/strong><\/p>\n\n\n\n<p><strong>Beneficios que te ofrece el sistema:<\/strong><\/p>\n\n\n\n<ul><li> <strong>Movilidad:<\/strong> Podr\u00e1s acceder al sistema desde cualquier dispositivo (tel\u00e9fono, Tablet, laptop o computadora de escritorio) y desde cualquier lugar (Solo necesitas una conexi\u00f3n a internet y listo, no hay que instalar nada).<\/li><li><strong>Productividad:<\/strong> Al contar la informaci\u00f3n adecuada en el momento oportuno, informaci\u00f3n en tiempo real. \u00bfCu\u00e1nto tiempo pierde un empleado actualizando una base de datos, buscando un archivo, recuperando la informaci\u00f3n de un disco duro da\u00f1ado, haciendo un presupuesto, cargando las horas laborales a la plantilla de recursos humanos o facturando una venta?<\/li><li><strong>Conexi\u00f3n y colaboraci\u00f3n:<\/strong> El empleado promedio se comunica y colabora con mas de 20 compa\u00f1eros de trabajo y clientes por d\u00eda. Chat, Uso compartido del mismo sistema de informaci\u00f3n que facilita la comunicaci\u00f3n interna y externa<\/li><li><strong>Fidelizaci\u00f3n de clientes:<\/strong> Sistema de canje de puntos, monitoreo de datos importantes (cumplea\u00f1os, tiempo de estad\u00eda en la empresa, cantidad y monto de compras, etc.). Pues permiten reducir el tiempo de atenci\u00f3n, mejoran la calidad del servicio y dejan una mejor reputaci\u00f3n de la empresa.<\/li><\/ul>\n\n\n\n<p><\/p>\n","protected":false},"excerpt":{"rendered":"<p>Encuentra respuestas r\u00e1pidas a las preguntas m\u00e1s dif\u00edciles sobre tu negocio con informes personalizados, toma decisiones basadas en datos. Sabes cuanto es la venta al final del d\u00eda o mejor aun en una quincena o al fin de mes? Conoces el inventario final? Sabes quienes y cuanto te deben a ti y el monto total<\/p>\n<a class=\"btn_a\" href=\"https:\/\/luishernandez.pw\/?page_id=310\"><span><i class=\"in_left fa fa-angle-right\"><\/i><span>Details<\/span><i class=\"in_right fa fa-angle-right\"><\/i><\/span><\/a>","protected":false},"author":1,"featured_media":0,"parent":0,"menu_order":0,"comment_status":"closed","ping_status":"closed","template":"page-fullwidth.php","meta":[],"_links":{"self":[{"href":"https:\/\/luishernandez.pw\/index.php?rest_route=\/wp\/v2\/pages\/310"}],"collection":[{"href":"https:\/\/luishernandez.pw\/index.php?rest_route=\/wp\/v2\/pages"}],"about":[{"href":"https:\/\/luishernandez.pw\/index.php?rest_route=\/wp\/v2\/types\/page"}],"author":[{"embeddable":true,"href":"https:\/\/luishernandez.pw\/index.php?rest_route=\/wp\/v2\/users\/1"}],"replies":[{"embeddable":true,"href":"https:\/\/luishernandez.pw\/index.php?rest_route=%2Fwp%2Fv2%2Fcomments&post=310"}],"version-history":[{"count":5,"href":"https:\/\/luishernandez.pw\/index.php?rest_route=\/wp\/v2\/pages\/310\/revisions"}],"predecessor-version":[{"id":336,"href":"https:\/\/luishernandez.pw\/index.php?rest_route=\/wp\/v2\/pages\/310\/revisions\/336"}],"wp:attachment":[{"href":"https:\/\/luishernandez.pw\/index.php?rest_route=%2Fwp%2Fv2%2Fmedia&parent=310"}],"curies":[{"name":"wp","href":"https:\/\/api.w.org\/{rel}","templated":true}]}}