{"id":79,"date":"2020-06-13T02:08:30","date_gmt":"2020-06-13T02:08:30","guid":{"rendered":"http:\/\/192.241.205.19\/luishernandez.pw\/wordpress\/?page_id=79"},"modified":"2020-06-20T00:48:07","modified_gmt":"2020-06-20T00:48:07","slug":"clientes","status":"publish","type":"page","link":"https:\/\/luishernandez.pw\/?page_id=79","title":{"rendered":"Clientes"},"content":{"rendered":"\n<figure class=\"wp-block-gallery aligncenter columns-4 is-cropped\"><ul class=\"blocks-gallery-grid\"><li class=\"blocks-gallery-item\"><figure><img loading=\"lazy\" width=\"372\" height=\"248\" src=\"http:\/\/192.241.205.19\/luishernandez.pw\/wordpress\/wp-content\/uploads\/2020\/06\/webaracorporacion.jpg\" alt=\"\" data-id=\"78\" data-link=\"http:\/\/192.241.205.19\/luishernandez.pw\/wordpress\/?attachment_id=78\" class=\"wp-image-78\" srcset=\"https:\/\/luishernandez.pw\/wp-content\/uploads\/2020\/06\/webaracorporacion.jpg 372w, https:\/\/luishernandez.pw\/wp-content\/uploads\/2020\/06\/webaracorporacion-300x200.jpg 300w, https:\/\/luishernandez.pw\/wp-content\/uploads\/2020\/06\/webaracorporacion-90x60.jpg 90w\" sizes=\"(max-width: 372px) 100vw, 372px\" \/><figcaption class=\"blocks-gallery-item__caption\">Sistema de Inventario y Facturaci\u00f3n en Web@ra Corporaci\u00f3n<\/figcaption><\/figure><\/li><li class=\"blocks-gallery-item\"><figure><img loading=\"lazy\" width=\"409\" height=\"208\" src=\"http:\/\/192.241.205.19\/luishernandez.pw\/wordpress\/wp-content\/uploads\/2020\/06\/usalas.jpg\" alt=\"\" data-id=\"77\" data-link=\"http:\/\/192.241.205.19\/luishernandez.pw\/wordpress\/?attachment_id=77\" class=\"wp-image-77\" srcset=\"https:\/\/luishernandez.pw\/wp-content\/uploads\/2020\/06\/usalas.jpg 409w, https:\/\/luishernandez.pw\/wp-content\/uploads\/2020\/06\/usalas-300x153.jpg 300w\" sizes=\"(max-width: 409px) 100vw, 409px\" \/><figcaption class=\"blocks-gallery-item__caption\">Sistema de Inventario y Facturaci\u00f3n, Sistema Contable y Pagina Web en Llantas Usalas<\/figcaption><\/figure><\/li><li class=\"blocks-gallery-item\"><figure><img loading=\"lazy\" width=\"209\" height=\"209\" src=\"http:\/\/192.241.205.19\/luishernandez.pw\/wordpress\/wp-content\/uploads\/2020\/06\/tlalpan.jpg\" alt=\"\" data-id=\"76\" data-link=\"http:\/\/192.241.205.19\/luishernandez.pw\/wordpress\/?attachment_id=76\" class=\"wp-image-76\" srcset=\"https:\/\/luishernandez.pw\/wp-content\/uploads\/2020\/06\/tlalpan.jpg 209w, https:\/\/luishernandez.pw\/wp-content\/uploads\/2020\/06\/tlalpan-100x100.jpg 100w, https:\/\/luishernandez.pw\/wp-content\/uploads\/2020\/06\/tlalpan-150x150.jpg 150w\" sizes=\"(max-width: 209px) 100vw, 209px\" \/><figcaption class=\"blocks-gallery-item__caption\">Sistema de Restaurante en Tlalpan<\/figcaption><\/figure><\/li><li class=\"blocks-gallery-item\"><figure><img loading=\"lazy\" width=\"223\" height=\"116\" src=\"http:\/\/192.241.205.19\/luishernandez.pw\/wordpress\/wp-content\/uploads\/2020\/06\/servigolfo.jpg\" alt=\"\" data-id=\"75\" data-link=\"http:\/\/192.241.205.19\/luishernandez.pw\/wordpress\/?attachment_id=75\" class=\"wp-image-75\"\/><figcaption class=\"blocks-gallery-item__caption\">Sistema de Inventario y Facturaci\u00f3n y Sistema Contable en Servigolfo<\/figcaption><\/figure><\/li><li class=\"blocks-gallery-item\"><figure><img loading=\"lazy\" width=\"261\" height=\"136\" src=\"http:\/\/192.241.205.19\/luishernandez.pw\/wordpress\/wp-content\/uploads\/2020\/06\/sarah-closet.jpg\" alt=\"\" data-id=\"74\" data-link=\"http:\/\/192.241.205.19\/luishernandez.pw\/wordpress\/?attachment_id=74\" class=\"wp-image-74\"\/><figcaption class=\"blocks-gallery-item__caption\">Sistema de Inventario y Facturaci\u00f3n en Sarah Closet<\/figcaption><\/figure><\/li><li class=\"blocks-gallery-item\"><figure><img loading=\"lazy\" width=\"546\" height=\"179\" src=\"http:\/\/192.241.205.19\/luishernandez.pw\/wordpress\/wp-content\/uploads\/2020\/06\/pilin.png\" alt=\"\" data-id=\"73\" data-link=\"http:\/\/192.241.205.19\/luishernandez.pw\/wordpress\/?attachment_id=73\" class=\"wp-image-73\" srcset=\"https:\/\/luishernandez.pw\/wp-content\/uploads\/2020\/06\/pilin.png 546w, https:\/\/luishernandez.pw\/wp-content\/uploads\/2020\/06\/pilin-300x98.png 300w\" sizes=\"(max-width: 546px) 100vw, 546px\" \/><figcaption class=\"blocks-gallery-item__caption\">Sistema de Inventario y Facturaci\u00f3n en Autoservicio pilin<\/figcaption><\/figure><\/li><li class=\"blocks-gallery-item\"><figure><img loading=\"lazy\" width=\"299\" height=\"218\" src=\"http:\/\/192.241.205.19\/luishernandez.pw\/wordpress\/wp-content\/uploads\/2020\/06\/multirepuestos.png\" alt=\"\" data-id=\"72\" data-link=\"http:\/\/192.241.205.19\/luishernandez.pw\/wordpress\/?attachment_id=72\" class=\"wp-image-72\"\/><figcaption class=\"blocks-gallery-item__caption\">Sistema de Inventario y Facturaci\u00f3n y P\u00e1gina Web en Multirepuestos S.A de C.V<\/figcaption><\/figure><\/li><li class=\"blocks-gallery-item\"><figure><img loading=\"lazy\" width=\"257\" height=\"123\" src=\"http:\/\/192.241.205.19\/luishernandez.pw\/wordpress\/wp-content\/uploads\/2020\/06\/la-colonnia-corinto.jpg\" alt=\"\" data-id=\"71\" data-link=\"http:\/\/192.241.205.19\/luishernandez.pw\/wordpress\/?attachment_id=71\" class=\"wp-image-71\"\/><figcaption class=\"blocks-gallery-item__caption\">Sistema de Inventario y Facturaci\u00f3n en La colonia<\/figcaption><\/figure><\/li><li class=\"blocks-gallery-item\"><figure><img loading=\"lazy\" width=\"207\" height=\"224\" src=\"http:\/\/192.241.205.19\/luishernandez.pw\/wordpress\/wp-content\/uploads\/2020\/06\/la-casa-del-panadero.jpg\" alt=\"\" data-id=\"70\" data-link=\"http:\/\/192.241.205.19\/luishernandez.pw\/wordpress\/?attachment_id=70\" class=\"wp-image-70\"\/><figcaption class=\"blocks-gallery-item__caption\">Sistema de Inventario y Facturaci\u00f3n en La casa del panadero<\/figcaption><\/figure><\/li><li class=\"blocks-gallery-item\"><figure><img loading=\"lazy\" width=\"436\" height=\"169\" src=\"http:\/\/192.241.205.19\/luishernandez.pw\/wordpress\/wp-content\/uploads\/2020\/06\/la-casa-del-arbol.png\" alt=\"\" data-id=\"69\" data-link=\"http:\/\/192.241.205.19\/luishernandez.pw\/wordpress\/?attachment_id=69\" class=\"wp-image-69\" srcset=\"https:\/\/luishernandez.pw\/wp-content\/uploads\/2020\/06\/la-casa-del-arbol.png 436w, https:\/\/luishernandez.pw\/wp-content\/uploads\/2020\/06\/la-casa-del-arbol-300x116.png 300w\" sizes=\"(max-width: 436px) 100vw, 436px\" \/><figcaption class=\"blocks-gallery-item__caption\">Sistema de Restaurante en La casa del \u00e1rbol<\/figcaption><\/figure><\/li><li class=\"blocks-gallery-item\"><figure><img loading=\"lazy\" width=\"211\" height=\"61\" src=\"http:\/\/192.241.205.19\/luishernandez.pw\/wordpress\/wp-content\/uploads\/2020\/06\/electrocentro.jpg\" alt=\"\" data-id=\"64\" data-link=\"http:\/\/192.241.205.19\/luishernandez.pw\/wordpress\/?attachment_id=64\" class=\"wp-image-64\"\/><figcaption class=\"blocks-gallery-item__caption\">Sistema de Inventario y Facturaci\u00f3n en Electrocentro<\/figcaption><\/figure><\/li><li class=\"blocks-gallery-item\"><figure><img loading=\"lazy\" width=\"227\" height=\"136\" src=\"http:\/\/192.241.205.19\/luishernandez.pw\/wordpress\/wp-content\/uploads\/2020\/06\/ferreteria-granadeno.jpg\" alt=\"\" data-id=\"65\" data-link=\"http:\/\/192.241.205.19\/luishernandez.pw\/wordpress\/?attachment_id=65\" class=\"wp-image-65\"\/><figcaption class=\"blocks-gallery-item__caption\">Sistema de Inventario y Facturaci\u00f3n en Ferreteria Granade\u00f1o<\/figcaption><\/figure><\/li><li class=\"blocks-gallery-item\"><figure><img loading=\"lazy\" width=\"462\" height=\"146\" src=\"http:\/\/192.241.205.19\/luishernandez.pw\/wordpress\/wp-content\/uploads\/2020\/06\/impor-carrocerias.jpg\" alt=\"\" data-id=\"66\" data-link=\"http:\/\/192.241.205.19\/luishernandez.pw\/wordpress\/?attachment_id=66\" class=\"wp-image-66\" srcset=\"https:\/\/luishernandez.pw\/wp-content\/uploads\/2020\/06\/impor-carrocerias.jpg 462w, https:\/\/luishernandez.pw\/wp-content\/uploads\/2020\/06\/impor-carrocerias-300x95.jpg 300w\" sizes=\"(max-width: 462px) 100vw, 462px\" \/><figcaption class=\"blocks-gallery-item__caption\">Sistema de Inventario y Facturaci\u00f3n en Import Carrocer\u00edas<\/figcaption><\/figure><\/li><li class=\"blocks-gallery-item\"><figure><img loading=\"lazy\" width=\"283\" height=\"182\" src=\"http:\/\/192.241.205.19\/luishernandez.pw\/wordpress\/wp-content\/uploads\/2020\/06\/impor.png\" alt=\"\" data-id=\"67\" data-link=\"http:\/\/192.241.205.19\/luishernandez.pw\/wordpress\/?attachment_id=67\" class=\"wp-image-67\" srcset=\"https:\/\/luishernandez.pw\/wp-content\/uploads\/2020\/06\/impor.png 283w, https:\/\/luishernandez.pw\/wp-content\/uploads\/2020\/06\/impor-265x170.png 265w\" sizes=\"(max-width: 283px) 100vw, 283px\" \/><figcaption class=\"blocks-gallery-item__caption\">Sistema de Inventario y Facturaci\u00f3n en Impor Repuestos<\/figcaption><\/figure><\/li><li class=\"blocks-gallery-item\"><figure><img loading=\"lazy\" width=\"208\" height=\"254\" src=\"http:\/\/192.241.205.19\/luishernandez.pw\/wordpress\/wp-content\/uploads\/2020\/06\/industrias-castillo.png\" alt=\"\" data-id=\"68\" data-link=\"http:\/\/192.241.205.19\/luishernandez.pw\/wordpress\/?attachment_id=68\" class=\"wp-image-68\"\/><figcaption class=\"blocks-gallery-item__caption\">Sistema de Inventario y Facturaci\u00f3n en Industrias Castillo<\/figcaption><\/figure><\/li><li class=\"blocks-gallery-item\"><figure><img loading=\"lazy\" width=\"227\" height=\"236\" src=\"http:\/\/192.241.205.19\/luishernandez.pw\/wordpress\/wp-content\/uploads\/2020\/06\/el-taurino.jpg\" alt=\"\" data-id=\"63\" data-link=\"http:\/\/192.241.205.19\/luishernandez.pw\/wordpress\/?attachment_id=63\" class=\"wp-image-63\"\/><figcaption class=\"blocks-gallery-item__caption\">Sistema de Restaurante en Tacos el Taurino<\/figcaption><\/figure><\/li><li class=\"blocks-gallery-item\"><figure><img loading=\"lazy\" width=\"317\" height=\"176\" src=\"http:\/\/192.241.205.19\/luishernandez.pw\/wordpress\/wp-content\/uploads\/2020\/06\/distribuidora-fanni.jpg\" alt=\"\" data-id=\"62\" data-link=\"http:\/\/192.241.205.19\/luishernandez.pw\/wordpress\/?attachment_id=62\" class=\"wp-image-62\" srcset=\"https:\/\/luishernandez.pw\/wp-content\/uploads\/2020\/06\/distribuidora-fanni.jpg 317w, https:\/\/luishernandez.pw\/wp-content\/uploads\/2020\/06\/distribuidora-fanni-300x167.jpg 300w\" sizes=\"(max-width: 317px) 100vw, 317px\" \/><figcaption class=\"blocks-gallery-item__caption\">Sistema de Inventario y Facturaci\u00f3n en Distribuidora Fanny<\/figcaption><\/figure><\/li><li class=\"blocks-gallery-item\"><figure><img loading=\"lazy\" width=\"216\" height=\"120\" src=\"http:\/\/192.241.205.19\/luishernandez.pw\/wordpress\/wp-content\/uploads\/2020\/06\/comercial-rene.jpg\" alt=\"\" data-id=\"61\" data-link=\"http:\/\/192.241.205.19\/luishernandez.pw\/wordpress\/?attachment_id=61\" class=\"wp-image-61\"\/><figcaption class=\"blocks-gallery-item__caption\">Sistema de Inventario y Facturaci\u00f3n en Comercial Rene<\/figcaption><\/figure><\/li><li class=\"blocks-gallery-item\"><figure><img loading=\"lazy\" width=\"312\" height=\"175\" src=\"http:\/\/192.241.205.19\/luishernandez.pw\/wordpress\/wp-content\/uploads\/2020\/06\/bonilla.jpg\" alt=\"\" data-id=\"60\" data-link=\"http:\/\/192.241.205.19\/luishernandez.pw\/wordpress\/?attachment_id=60\" class=\"wp-image-60\" srcset=\"https:\/\/luishernandez.pw\/wp-content\/uploads\/2020\/06\/bonilla.jpg 312w, https:\/\/luishernandez.pw\/wp-content\/uploads\/2020\/06\/bonilla-300x168.jpg 300w\" sizes=\"(max-width: 312px) 100vw, 312px\" \/><figcaption class=\"blocks-gallery-item__caption\">Sistema de Inventario y Facturaci\u00f3n en Importadores Bonilla<\/figcaption><\/figure><\/li><li class=\"blocks-gallery-item\"><figure><img loading=\"lazy\" width=\"284\" height=\"218\" src=\"http:\/\/192.241.205.19\/luishernandez.pw\/wordpress\/wp-content\/uploads\/2020\/06\/bdca.jpg\" alt=\"\" data-id=\"59\" data-link=\"http:\/\/192.241.205.19\/luishernandez.pw\/wordpress\/?attachment_id=59\" class=\"wp-image-59\"\/><figcaption class=\"blocks-gallery-item__caption\">Sistema de Inventario y Facturaci\u00f3n Bater\u00edas de Centro Am\u00e9rica<\/figcaption><\/figure><\/li><li class=\"blocks-gallery-item\"><figure><img loading=\"lazy\" width=\"746\" height=\"1024\" src=\"https:\/\/luishernandez.pw\/wp-content\/uploads\/2020\/06\/logo-746x1024.jpeg\" alt=\"\" data-id=\"267\" data-link=\"https:\/\/luishernandez.pw\/?attachment_id=267\" class=\"wp-image-267\" srcset=\"https:\/\/luishernandez.pw\/wp-content\/uploads\/2020\/06\/logo-746x1024.jpeg 746w, https:\/\/luishernandez.pw\/wp-content\/uploads\/2020\/06\/logo-800x1099.jpeg 800w, https:\/\/luishernandez.pw\/wp-content\/uploads\/2020\/06\/logo-218x300.jpeg 218w, https:\/\/luishernandez.pw\/wp-content\/uploads\/2020\/06\/logo-768x1055.jpeg 768w, https:\/\/luishernandez.pw\/wp-content\/uploads\/2020\/06\/logo.jpeg 932w\" sizes=\"(max-width: 746px) 100vw, 746px\" \/><figcaption class=\"blocks-gallery-item__caption\">Sistema de Agua Potable, Alcald\u00eda Ereguayquin<\/figcaption><\/figure><\/li><li class=\"blocks-gallery-item\"><figure><img loading=\"lazy\" width=\"608\" height=\"440\" src=\"https:\/\/luishernandez.pw\/wp-content\/uploads\/2020\/06\/icon.png\" alt=\"\" data-id=\"273\" data-link=\"https:\/\/luishernandez.pw\/?attachment_id=273\" class=\"wp-image-273\" srcset=\"https:\/\/luishernandez.pw\/wp-content\/uploads\/2020\/06\/icon.png 608w, https:\/\/luishernandez.pw\/wp-content\/uploads\/2020\/06\/icon-300x217.png 300w, https:\/\/luishernandez.pw\/wp-content\/uploads\/2020\/06\/icon-600x434.png 600w\" sizes=\"(max-width: 608px) 100vw, 608px\" \/><figcaption class=\"blocks-gallery-item__caption\">Sistema de Inventario y Facturacion en Lubri-Repuestos El Ranchero<\/figcaption><\/figure><\/li><li class=\"blocks-gallery-item\"><figure><img loading=\"lazy\" width=\"1024\" height=\"664\" src=\"https:\/\/luishernandez.pw\/wp-content\/uploads\/2020\/06\/logo-1-1024x664.jpeg\" alt=\"\" data-id=\"274\" data-link=\"https:\/\/luishernandez.pw\/?attachment_id=274\" class=\"wp-image-274\" srcset=\"https:\/\/luishernandez.pw\/wp-content\/uploads\/2020\/06\/logo-1-1024x664.jpeg 1024w, https:\/\/luishernandez.pw\/wp-content\/uploads\/2020\/06\/logo-1-800x519.jpeg 800w, https:\/\/luishernandez.pw\/wp-content\/uploads\/2020\/06\/logo-1-300x195.jpeg 300w, https:\/\/luishernandez.pw\/wp-content\/uploads\/2020\/06\/logo-1-768x498.jpeg 768w, https:\/\/luishernandez.pw\/wp-content\/uploads\/2020\/06\/logo-1.jpeg 1280w\" sizes=\"(max-width: 1024px) 100vw, 1024px\" \/><figcaption class=\"blocks-gallery-item__caption\">Sistema de Inventario y Facturacion en Lubri-Repuestos San Luis<\/figcaption><\/figure><\/li><li class=\"blocks-gallery-item\"><figure><img loading=\"lazy\" width=\"800\" height=\"800\" src=\"https:\/\/luishernandez.pw\/wp-content\/uploads\/2020\/06\/metropol.jpg\" alt=\"\" data-id=\"277\" data-link=\"https:\/\/luishernandez.pw\/?attachment_id=277\" class=\"wp-image-277\" srcset=\"https:\/\/luishernandez.pw\/wp-content\/uploads\/2020\/06\/metropol.jpg 800w, https:\/\/luishernandez.pw\/wp-content\/uploads\/2020\/06\/metropol-300x300.jpg 300w, https:\/\/luishernandez.pw\/wp-content\/uploads\/2020\/06\/metropol-100x100.jpg 100w, https:\/\/luishernandez.pw\/wp-content\/uploads\/2020\/06\/metropol-150x150.jpg 150w, https:\/\/luishernandez.pw\/wp-content\/uploads\/2020\/06\/metropol-768x768.jpg 768w, https:\/\/luishernandez.pw\/wp-content\/uploads\/2020\/06\/metropol-360x360.jpg 360w, https:\/\/luishernandez.pw\/wp-content\/uploads\/2020\/06\/metropol-600x600.jpg 600w\" sizes=\"(max-width: 800px) 100vw, 800px\" \/><figcaption class=\"blocks-gallery-item__caption\">Sistema de Inventario y Facturacion en Farmacias Metropol<\/figcaption><\/figure><\/li><li class=\"blocks-gallery-item\"><figure><img loading=\"lazy\" width=\"330\" height=\"172\" src=\"https:\/\/luishernandez.pw\/wp-content\/uploads\/2020\/06\/logo.png\" alt=\"\" data-id=\"280\" data-link=\"https:\/\/luishernandez.pw\/?attachment_id=280\" class=\"wp-image-280\" srcset=\"https:\/\/luishernandez.pw\/wp-content\/uploads\/2020\/06\/logo.png 330w, https:\/\/luishernandez.pw\/wp-content\/uploads\/2020\/06\/logo-300x156.png 300w\" sizes=\"(max-width: 330px) 100vw, 330px\" \/><figcaption class=\"blocks-gallery-item__caption\">Sistema de Inventario y Facturacion en Autorepuestos Danni<\/figcaption><\/figure><\/li><li class=\"blocks-gallery-item\"><figure><img loading=\"lazy\" width=\"795\" height=\"644\" src=\"https:\/\/luishernandez.pw\/wp-content\/uploads\/2020\/06\/logo.jpg\" alt=\"\" data-id=\"282\" data-full-url=\"https:\/\/luishernandez.pw\/wp-content\/uploads\/2020\/06\/logo.jpg\" data-link=\"https:\/\/luishernandez.pw\/?attachment_id=282\" class=\"wp-image-282\" srcset=\"https:\/\/luishernandez.pw\/wp-content\/uploads\/2020\/06\/logo.jpg 795w, https:\/\/luishernandez.pw\/wp-content\/uploads\/2020\/06\/logo-300x243.jpg 300w, https:\/\/luishernandez.pw\/wp-content\/uploads\/2020\/06\/logo-768x622.jpg 768w, https:\/\/luishernandez.pw\/wp-content\/uploads\/2020\/06\/logo-600x486.jpg 600w\" sizes=\"(max-width: 795px) 100vw, 795px\" \/><figcaption class=\"blocks-gallery-item__caption\">Sistema de Inventario y Facturaci\u00f3n en Comercial ANA<\/figcaption><\/figure><\/li><\/ul><\/figure>\n","protected":false},"excerpt":{"rendered":"<a class=\"btn_a\" href=\"https:\/\/luishernandez.pw\/?page_id=79\"><span><i class=\"in_left fa fa-angle-right\"><\/i><span>Details<\/span><i class=\"in_right fa fa-angle-right\"><\/i><\/span><\/a>","protected":false},"author":1,"featured_media":0,"parent":0,"menu_order":0,"comment_status":"closed","ping_status":"closed","template":"page-fullwidth.php","meta":[],"_links":{"self":[{"href":"https:\/\/luishernandez.pw\/index.php?rest_route=\/wp\/v2\/pages\/79"}],"collection":[{"href":"https:\/\/luishernandez.pw\/index.php?rest_route=\/wp\/v2\/pages"}],"about":[{"href":"https:\/\/luishernandez.pw\/index.php?rest_route=\/wp\/v2\/types\/page"}],"author":[{"embeddable":true,"href":"https:\/\/luishernandez.pw\/index.php?rest_route=\/wp\/v2\/users\/1"}],"replies":[{"embeddable":true,"href":"https:\/\/luishernandez.pw\/index.php?rest_route=%2Fwp%2Fv2%2Fcomments&post=79"}],"version-history":[{"count":13,"href":"https:\/\/luishernandez.pw\/index.php?rest_route=\/wp\/v2\/pages\/79\/revisions"}],"predecessor-version":[{"id":288,"href":"https:\/\/luishernandez.pw\/index.php?rest_route=\/wp\/v2\/pages\/79\/revisions\/288"}],"wp:attachment":[{"href":"https:\/\/luishernandez.pw\/index.php?rest_route=%2Fwp%2Fv2%2Fmedia&parent=79"}],"curies":[{"name":"wp","href":"https:\/\/api.w.org\/{rel}","templated":true}]}}