{"id":244,"date":"2020-06-18T15:12:06","date_gmt":"2020-06-18T15:12:06","guid":{"rendered":"https:\/\/luishernandez.pw\/?post_type=product&#038;p=244"},"modified":"2020-06-18T15:12:06","modified_gmt":"2020-06-18T15:12:06","slug":"diseno-de-sitios-web","status":"publish","type":"product","link":"https:\/\/luishernandez.pw\/?product=diseno-de-sitios-web","title":{"rendered":"Dise\u00f1o de sitios web"},"content":{"rendered":"<p>Dise\u00f1o a la medida de sitios web en WORDPRESS o JOOMLA<\/p>\n","protected":false},"excerpt":{"rendered":"<p>Dise\u00f1o a la medida de acuerdo a las plantillas de dise\u00f1o que se elija, una p\u00e1gina web informativa con im\u00e1genes, audios,  videos, mapas, informacion en general, etc.<\/p>\n<a class=\"btn_a\" href=\"https:\/\/luishernandez.pw\/?product=diseno-de-sitios-web\"><span><i class=\"in_left fa fa-angle-right\"><\/i><span>Details<\/span><i class=\"in_right fa fa-angle-right\"><\/i><\/span><\/a>","protected":false},"featured_media":245,"comment_status":"open","ping_status":"closed","template":"","meta":[],"_links":{"self":[{"href":"https:\/\/luishernandez.pw\/index.php?rest_route=\/wp\/v2\/product\/244"}],"collection":[{"href":"https:\/\/luishernandez.pw\/index.php?rest_route=\/wp\/v2\/product"}],"about":[{"href":"https:\/\/luishernandez.pw\/index.php?rest_route=\/wp\/v2\/types\/product"}],"replies":[{"embeddable":true,"href":"https:\/\/luishernandez.pw\/index.php?rest_route=%2Fwp%2Fv2%2Fcomments&post=244"}],"wp:featuredmedia":[{"embeddable":true,"href":"https:\/\/luishernandez.pw\/index.php?rest_route=\/wp\/v2\/media\/245"}],"wp:attachment":[{"href":"https:\/\/luishernandez.pw\/index.php?rest_route=%2Fwp%2Fv2%2Fmedia&parent=244"}],"curies":[{"name":"wp","href":"https:\/\/api.w.org\/{rel}","templated":true}]}}