{"id":248,"date":"2020-06-18T15:28:09","date_gmt":"2020-06-18T15:28:09","guid":{"rendered":"https:\/\/luishernandez.pw\/?post_type=product&#038;p=248"},"modified":"2022-06-20T13:56:50","modified_gmt":"2022-06-20T13:56:50","slug":"tienda-en-linea","status":"publish","type":"product","link":"https:\/\/luishernandez.pw\/?product=tienda-en-linea","title":{"rendered":"Tienda en linea"},"content":{"rendered":"<p>Quieres vender por internet, cobrar por internet, necesitas una tienda en l\u00ednea donde tus clientes puedan comprar tus productos y hacer pedidos directamente a la empresa automatizando el proceso para que lo realizan ellos mismos y tu solo despachas la mercaderia.<\/p>\n<p>Te creo tu tienda en l\u00ednea con los diferentes medios de pago (Paypal, tarjeta de d\u00e9bito o cr\u00e9dito, u otros) para que obtengas mayores ingreso y llegas a un mercado mundial.<\/p>\n","protected":false},"excerpt":{"rendered":"<p>Quieres vender por internet, cobrar por internet, necesitas una tienda en l\u00ednea donde tus clientes puedan comprar tus productos y hacer pedidos directamente a la empresa automatizando el proceso para que lo realizan ellos mismos y tu solo despachas la mercaderia.<\/p>\n<p>Te creo tu tienda en l\u00ednea con los diferentes medios de pago (Paypal, tarjeta de d\u00e9bito o cr\u00e9dito, u otros) para que obtengas mayores ingreso y llegas a un mercado mundial.<\/p>\n<a class=\"btn_a\" href=\"https:\/\/luishernandez.pw\/?product=tienda-en-linea\"><span><i class=\"in_left fa fa-angle-right\"><\/i><span>Details<\/span><i class=\"in_right fa fa-angle-right\"><\/i><\/span><\/a>","protected":false},"featured_media":249,"comment_status":"open","ping_status":"closed","template":"","meta":[],"_links":{"self":[{"href":"https:\/\/luishernandez.pw\/index.php?rest_route=\/wp\/v2\/product\/248"}],"collection":[{"href":"https:\/\/luishernandez.pw\/index.php?rest_route=\/wp\/v2\/product"}],"about":[{"href":"https:\/\/luishernandez.pw\/index.php?rest_route=\/wp\/v2\/types\/product"}],"replies":[{"embeddable":true,"href":"https:\/\/luishernandez.pw\/index.php?rest_route=%2Fwp%2Fv2%2Fcomments&post=248"}],"wp:featuredmedia":[{"embeddable":true,"href":"https:\/\/luishernandez.pw\/index.php?rest_route=\/wp\/v2\/media\/249"}],"wp:attachment":[{"href":"https:\/\/luishernandez.pw\/index.php?rest_route=%2Fwp%2Fv2%2Fmedia&parent=248"}],"curies":[{"name":"wp","href":"https:\/\/api.w.org\/{rel}","templated":true}]}}